{"id":1578,"date":"2023-11-20T08:59:07","date_gmt":"2023-11-20T07:59:07","guid":{"rendered":"https:\/\/aikido-saintbruno-bordeaux.fr\/?page_id=1578"},"modified":"2024-09-02T17:14:26","modified_gmt":"2024-09-02T15:14:26","slug":"photos-aikido-japon-defense-club","status":"publish","type":"page","link":"https:\/\/aikido-saintbruno-bordeaux.fr\/index.php\/photos-aikido-japon-defense-club\/","title":{"rendered":"Photos"},"content":{"rendered":"\t\t<div data-elementor-type=\"wp-page\" data-elementor-id=\"1578\" class=\"elementor elementor-1578\">\n\t\t\t\t\t\t\t<div class=\"elementor-element elementor-element-eb92c63 animated-slow e-con-full e-flex elementor-invisible e-con e-parent\" data-id=\"eb92c63\" data-element_type=\"container\" data-settings=\"{&quot;background_background&quot;:&quot;slideshow&quot;,&quot;background_slideshow_gallery&quot;:[{&quot;id&quot;:44,&quot;url&quot;:&quot;http:\\\/\\\/aikido-saintbruno-bordeaux.fr\\\/wp-content\\\/uploads\\\/2023\\\/10\\\/Aikido-Bordeaux-Ludovic-Cauderan1.jpg&quot;},{&quot;id&quot;:1118,&quot;url&quot;:&quot;http:\\\/\\\/aikido-saintbruno-bordeaux.fr\\\/wp-content\\\/uploads\\\/2023\\\/11\\\/IMG_56362-scaled.jpg&quot;},{&quot;id&quot;:457,&quot;url&quot;:&quot;http:\\\/\\\/aikido-saintbruno-bordeaux.fr\\\/wp-content\\\/uploads\\\/2023\\\/11\\\/IMG_E2486-scaled.jpg&quot;},{&quot;id&quot;:1117,&quot;url&quot;:&quot;http:\\\/\\\/aikido-saintbruno-bordeaux.fr\\\/wp-content\\\/uploads\\\/2023\\\/11\\\/CIMG14342-scaled.jpg&quot;},{&quot;id&quot;:2301,&quot;url&quot;:&quot;http:\\\/\\\/aikido-saintbruno-bordeaux.fr\\\/wp-content\\\/uploads\\\/2024\\\/09\\\/IMG-20240820-WA0033.jpg&quot;},{&quot;id&quot;:2300,&quot;url&quot;:&quot;http:\\\/\\\/aikido-saintbruno-bordeaux.fr\\\/wp-content\\\/uploads\\\/2024\\\/09\\\/IMG-20240820-WA0013.jpg&quot;},{&quot;id&quot;:445,&quot;url&quot;:&quot;http:\\\/\\\/aikido-saintbruno-bordeaux.fr\\\/wp-content\\\/uploads\\\/2023\\\/11\\\/img_01551-scaled.jpg&quot;},{&quot;id&quot;:450,&quot;url&quot;:&quot;http:\\\/\\\/aikido-saintbruno-bordeaux.fr\\\/wp-content\\\/uploads\\\/2023\\\/11\\\/IMG_60902-scaled.jpg&quot;},{&quot;id&quot;:448,&quot;url&quot;:&quot;http:\\\/\\\/aikido-saintbruno-bordeaux.fr\\\/wp-content\\\/uploads\\\/2023\\\/11\\\/IMG_7783-scaled.jpg&quot;},{&quot;id&quot;:458,&quot;url&quot;:&quot;http:\\\/\\\/aikido-saintbruno-bordeaux.fr\\\/wp-content\\\/uploads\\\/2023\\\/11\\\/IMG_E2502.jpg&quot;},{&quot;id&quot;:2294,&quot;url&quot;:&quot;http:\\\/\\\/aikido-saintbruno-bordeaux.fr\\\/wp-content\\\/uploads\\\/2024\\\/09\\\/Aikido-Ludovic-Cauderan-Association-Matsukaze-scaled.jpg&quot;},{&quot;id&quot;:2295,&quot;url&quot;:&quot;http:\\\/\\\/aikido-saintbruno-bordeaux.fr\\\/wp-content\\\/uploads\\\/2024\\\/09\\\/Aikido-Ludovic-Cauderan-Association-Matsukaze2-scaled.jpg&quot;},{&quot;id&quot;:2296,&quot;url&quot;:&quot;http:\\\/\\\/aikido-saintbruno-bordeaux.fr\\\/wp-content\\\/uploads\\\/2024\\\/09\\\/Aikido-Ludovic-Cauderan-Association-Matsukaze3-scaled.jpg&quot;},{&quot;id&quot;:2297,&quot;url&quot;:&quot;http:\\\/\\\/aikido-saintbruno-bordeaux.fr\\\/wp-content\\\/uploads\\\/2024\\\/09\\\/IMG_20240823_132306.jpg&quot;},{&quot;id&quot;:2298,&quot;url&quot;:&quot;http:\\\/\\\/aikido-saintbruno-bordeaux.fr\\\/wp-content\\\/uploads\\\/2024\\\/09\\\/IMG_20240823_132437.jpg&quot;},{&quot;id&quot;:2299,&quot;url&quot;:&quot;http:\\\/\\\/aikido-saintbruno-bordeaux.fr\\\/wp-content\\\/uploads\\\/2024\\\/09\\\/IMG_20240826_101314-scaled.jpg&quot;},{&quot;id&quot;:2302,&quot;url&quot;:&quot;http:\\\/\\\/aikido-saintbruno-bordeaux.fr\\\/wp-content\\\/uploads\\\/2024\\\/09\\\/IMG-20240821-WA0036.jpg&quot;},{&quot;id&quot;:2303,&quot;url&quot;:&quot;http:\\\/\\\/aikido-saintbruno-bordeaux.fr\\\/wp-content\\\/uploads\\\/2024\\\/09\\\/IMG-20240822-WA0007.jpg&quot;},{&quot;id&quot;:2304,&quot;url&quot;:&quot;http:\\\/\\\/aikido-saintbruno-bordeaux.fr\\\/wp-content\\\/uploads\\\/2024\\\/09\\\/IMG-20240829-WA0020.jpg&quot;}],&quot;background_slideshow_ken_burns&quot;:&quot;yes&quot;,&quot;animation&quot;:&quot;fadeIn&quot;,&quot;animation_delay&quot;:700,&quot;content_width&quot;:&quot;full&quot;,&quot;background_slideshow_loop&quot;:&quot;yes&quot;,&quot;background_slideshow_slide_duration&quot;:5000,&quot;background_slideshow_slide_transition&quot;:&quot;fade&quot;,&quot;background_slideshow_transition_duration&quot;:500,&quot;background_slideshow_ken_burns_zoom_direction&quot;:&quot;in&quot;}\" data-core-v316-plus=\"true\">\n\t\t\t\t<\/div>\n\t\t\t\t\t\t\t<\/div>\n\t\t","protected":false},"excerpt":{"rendered":"","protected":false},"author":1,"featured_media":73,"parent":0,"menu_order":0,"comment_status":"closed","ping_status":"closed","template":"","meta":{"footnotes":""},"class_list":["post-1578","page","type-page","status-publish","has-post-thumbnail","hentry","entry","has-media"],"yoast_head":"<!-- This site is optimized with the Yoast SEO plugin v21.4 - https:\/\/yoast.com\/wordpress\/plugins\/seo\/ -->\n<title>Photos d&#039;A\u00efkido, un art martial japonais harmonieux - Club de l&#039;Union Saint Bruno A\u00efkido<\/title>\n<meta name=\"description\" content=\"Photos d&#039;A\u00efkido un art martial japonais harmonieux de self d\u00e9fense pour apprendre \u00e0 faire face contre n&#039;importe quelle situation.\" \/>\n<meta name=\"robots\" content=\"index, follow, max-snippet:-1, max-image-preview:large, max-video-preview:-1\" \/>\n<link rel=\"canonical\" href=\"https:\/\/aikido-saintbruno-bordeaux.fr\/index.php\/photos-aikido-japon-defense-club\/\" \/>\n<meta property=\"og:locale\" content=\"en_US\" \/>\n<meta property=\"og:type\" content=\"article\" \/>\n<meta property=\"og:title\" content=\"Photos d&#039;A\u00efkido, un art martial japonais harmonieux - Club de l&#039;Union Saint Bruno A\u00efkido\" \/>\n<meta property=\"og:description\" content=\"Photos d&#039;A\u00efkido un art martial japonais harmonieux de self d\u00e9fense pour apprendre \u00e0 faire face contre n&#039;importe quelle situation.\" \/>\n<meta property=\"og:url\" content=\"https:\/\/aikido-saintbruno-bordeaux.fr\/index.php\/photos-aikido-japon-defense-club\/\" \/>\n<meta property=\"og:site_name\" content=\"Union Saint Bruno A\u00efkido\" \/>\n<meta property=\"article:publisher\" content=\"https:\/\/www.facebook.com\/profile.php?id=61552026773430\" \/>\n<meta property=\"article:modified_time\" content=\"2024-09-02T15:14:26+00:00\" \/>\n<meta property=\"og:image\" content=\"http:\/\/aikido-saintbruno-bordeaux.fr\/wp-content\/uploads\/2023\/10\/Aikido-Bordeaux-Union-Saint-Bruno-Aikido-Ludovic-Cauderan.jpg\" \/>\n\t<meta property=\"og:image:width\" content=\"1103\" \/>\n\t<meta property=\"og:image:height\" content=\"1440\" \/>\n\t<meta property=\"og:image:type\" content=\"image\/jpeg\" \/>\n<meta name=\"twitter:card\" content=\"summary_large_image\" \/>\n<script type=\"application\/ld+json\" class=\"yoast-schema-graph\">{\"@context\":\"https:\/\/schema.org\",\"@graph\":[{\"@type\":\"WebPage\",\"@id\":\"https:\/\/aikido-saintbruno-bordeaux.fr\/index.php\/photos-aikido-japon-defense-club\/\",\"url\":\"https:\/\/aikido-saintbruno-bordeaux.fr\/index.php\/photos-aikido-japon-defense-club\/\",\"name\":\"Photos d'A\u00efkido, un art martial japonais harmonieux - Club de l'Union Saint Bruno A\u00efkido\",\"isPartOf\":{\"@id\":\"https:\/\/aikido-saintbruno-bordeaux.fr\/#website\"},\"datePublished\":\"2023-11-20T07:59:07+00:00\",\"dateModified\":\"2024-09-02T15:14:26+00:00\",\"description\":\"Photos d'A\u00efkido un art martial japonais harmonieux de self d\u00e9fense pour apprendre \u00e0 faire face contre n'importe quelle situation.\",\"breadcrumb\":{\"@id\":\"https:\/\/aikido-saintbruno-bordeaux.fr\/index.php\/photos-aikido-japon-defense-club\/#breadcrumb\"},\"inLanguage\":\"en-US\",\"potentialAction\":[{\"@type\":\"ReadAction\",\"target\":[\"https:\/\/aikido-saintbruno-bordeaux.fr\/index.php\/photos-aikido-japon-defense-club\/\"]}]},{\"@type\":\"BreadcrumbList\",\"@id\":\"https:\/\/aikido-saintbruno-bordeaux.fr\/index.php\/photos-aikido-japon-defense-club\/#breadcrumb\",\"itemListElement\":[{\"@type\":\"ListItem\",\"position\":1,\"name\":\"Accueil\",\"item\":\"https:\/\/aikido-saintbruno-bordeaux.fr\/\"},{\"@type\":\"ListItem\",\"position\":2,\"name\":\"Photos\"}]},{\"@type\":\"WebSite\",\"@id\":\"https:\/\/aikido-saintbruno-bordeaux.fr\/#website\",\"url\":\"https:\/\/aikido-saintbruno-bordeaux.fr\/\",\"name\":\"Union Saint Bruno A\u00efkido Bordeaux\",\"description\":\"Club d A\u00efkido \u00e0 Bordeaux\",\"publisher\":{\"@id\":\"https:\/\/aikido-saintbruno-bordeaux.fr\/#organization\"},\"potentialAction\":[{\"@type\":\"SearchAction\",\"target\":{\"@type\":\"EntryPoint\",\"urlTemplate\":\"https:\/\/aikido-saintbruno-bordeaux.fr\/?s={search_term_string}\"},\"query-input\":\"required name=search_term_string\"}],\"inLanguage\":\"en-US\"},{\"@type\":\"Organization\",\"@id\":\"https:\/\/aikido-saintbruno-bordeaux.fr\/#organization\",\"name\":\"Union Saint Bruno A\u00efkido Bordeaux\",\"url\":\"https:\/\/aikido-saintbruno-bordeaux.fr\/\",\"logo\":{\"@type\":\"ImageObject\",\"inLanguage\":\"en-US\",\"@id\":\"https:\/\/aikido-saintbruno-bordeaux.fr\/#\/schema\/logo\/image\/\",\"url\":\"https:\/\/aikido-saintbruno-bordeaux.fr\/wp-content\/uploads\/2023\/10\/logo.png\",\"contentUrl\":\"https:\/\/aikido-saintbruno-bordeaux.fr\/wp-content\/uploads\/2023\/10\/logo.png\",\"width\":300,\"height\":320,\"caption\":\"Union Saint Bruno A\u00efkido Bordeaux\"},\"image\":{\"@id\":\"https:\/\/aikido-saintbruno-bordeaux.fr\/#\/schema\/logo\/image\/\"},\"sameAs\":[\"https:\/\/www.facebook.com\/profile.php?id=61552026773430\",\"https:\/\/www.youtube.com\/@UnionSaintBrunoAikido-pm8hw\"]}]}<\/script>\n<!-- \/ Yoast SEO plugin. -->","yoast_head_json":{"title":"Photos d'A\u00efkido, un art martial japonais harmonieux - Club de l'Union Saint Bruno A\u00efkido","description":"Photos d'A\u00efkido un art martial japonais harmonieux de self d\u00e9fense pour apprendre \u00e0 faire face contre n'importe quelle situation.","robots":{"index":"index","follow":"follow","max-snippet":"max-snippet:-1","max-image-preview":"max-image-preview:large","max-video-preview":"max-video-preview:-1"},"canonical":"https:\/\/aikido-saintbruno-bordeaux.fr\/index.php\/photos-aikido-japon-defense-club\/","og_locale":"en_US","og_type":"article","og_title":"Photos d'A\u00efkido, un art martial japonais harmonieux - Club de l'Union Saint Bruno A\u00efkido","og_description":"Photos d'A\u00efkido un art martial japonais harmonieux de self d\u00e9fense pour apprendre \u00e0 faire face contre n'importe quelle situation.","og_url":"https:\/\/aikido-saintbruno-bordeaux.fr\/index.php\/photos-aikido-japon-defense-club\/","og_site_name":"Union Saint Bruno A\u00efkido","article_publisher":"https:\/\/www.facebook.com\/profile.php?id=61552026773430","article_modified_time":"2024-09-02T15:14:26+00:00","og_image":[{"width":1103,"height":1440,"url":"http:\/\/aikido-saintbruno-bordeaux.fr\/wp-content\/uploads\/2023\/10\/Aikido-Bordeaux-Union-Saint-Bruno-Aikido-Ludovic-Cauderan.jpg","type":"image\/jpeg"}],"twitter_card":"summary_large_image","schema":{"@context":"https:\/\/schema.org","@graph":[{"@type":"WebPage","@id":"https:\/\/aikido-saintbruno-bordeaux.fr\/index.php\/photos-aikido-japon-defense-club\/","url":"https:\/\/aikido-saintbruno-bordeaux.fr\/index.php\/photos-aikido-japon-defense-club\/","name":"Photos d'A\u00efkido, un art martial japonais harmonieux - Club de l'Union Saint Bruno A\u00efkido","isPartOf":{"@id":"https:\/\/aikido-saintbruno-bordeaux.fr\/#website"},"datePublished":"2023-11-20T07:59:07+00:00","dateModified":"2024-09-02T15:14:26+00:00","description":"Photos d'A\u00efkido un art martial japonais harmonieux de self d\u00e9fense pour apprendre \u00e0 faire face contre n'importe quelle situation.","breadcrumb":{"@id":"https:\/\/aikido-saintbruno-bordeaux.fr\/index.php\/photos-aikido-japon-defense-club\/#breadcrumb"},"inLanguage":"en-US","potentialAction":[{"@type":"ReadAction","target":["https:\/\/aikido-saintbruno-bordeaux.fr\/index.php\/photos-aikido-japon-defense-club\/"]}]},{"@type":"BreadcrumbList","@id":"https:\/\/aikido-saintbruno-bordeaux.fr\/index.php\/photos-aikido-japon-defense-club\/#breadcrumb","itemListElement":[{"@type":"ListItem","position":1,"name":"Accueil","item":"https:\/\/aikido-saintbruno-bordeaux.fr\/"},{"@type":"ListItem","position":2,"name":"Photos"}]},{"@type":"WebSite","@id":"https:\/\/aikido-saintbruno-bordeaux.fr\/#website","url":"https:\/\/aikido-saintbruno-bordeaux.fr\/","name":"Union Saint Bruno A\u00efkido Bordeaux","description":"Club d A\u00efkido \u00e0 Bordeaux","publisher":{"@id":"https:\/\/aikido-saintbruno-bordeaux.fr\/#organization"},"potentialAction":[{"@type":"SearchAction","target":{"@type":"EntryPoint","urlTemplate":"https:\/\/aikido-saintbruno-bordeaux.fr\/?s={search_term_string}"},"query-input":"required name=search_term_string"}],"inLanguage":"en-US"},{"@type":"Organization","@id":"https:\/\/aikido-saintbruno-bordeaux.fr\/#organization","name":"Union Saint Bruno A\u00efkido Bordeaux","url":"https:\/\/aikido-saintbruno-bordeaux.fr\/","logo":{"@type":"ImageObject","inLanguage":"en-US","@id":"https:\/\/aikido-saintbruno-bordeaux.fr\/#\/schema\/logo\/image\/","url":"https:\/\/aikido-saintbruno-bordeaux.fr\/wp-content\/uploads\/2023\/10\/logo.png","contentUrl":"https:\/\/aikido-saintbruno-bordeaux.fr\/wp-content\/uploads\/2023\/10\/logo.png","width":300,"height":320,"caption":"Union Saint Bruno A\u00efkido Bordeaux"},"image":{"@id":"https:\/\/aikido-saintbruno-bordeaux.fr\/#\/schema\/logo\/image\/"},"sameAs":["https:\/\/www.facebook.com\/profile.php?id=61552026773430","https:\/\/www.youtube.com\/@UnionSaintBrunoAikido-pm8hw"]}]}},"_links":{"self":[{"href":"https:\/\/aikido-saintbruno-bordeaux.fr\/index.php\/wp-json\/wp\/v2\/pages\/1578","targetHints":{"allow":["GET"]}}],"collection":[{"href":"https:\/\/aikido-saintbruno-bordeaux.fr\/index.php\/wp-json\/wp\/v2\/pages"}],"about":[{"href":"https:\/\/aikido-saintbruno-bordeaux.fr\/index.php\/wp-json\/wp\/v2\/types\/page"}],"author":[{"embeddable":true,"href":"https:\/\/aikido-saintbruno-bordeaux.fr\/index.php\/wp-json\/wp\/v2\/users\/1"}],"replies":[{"embeddable":true,"href":"https:\/\/aikido-saintbruno-bordeaux.fr\/index.php\/wp-json\/wp\/v2\/comments?post=1578"}],"version-history":[{"count":19,"href":"https:\/\/aikido-saintbruno-bordeaux.fr\/index.php\/wp-json\/wp\/v2\/pages\/1578\/revisions"}],"predecessor-version":[{"id":2310,"href":"https:\/\/aikido-saintbruno-bordeaux.fr\/index.php\/wp-json\/wp\/v2\/pages\/1578\/revisions\/2310"}],"wp:featuredmedia":[{"embeddable":true,"href":"https:\/\/aikido-saintbruno-bordeaux.fr\/index.php\/wp-json\/wp\/v2\/media\/73"}],"wp:attachment":[{"href":"https:\/\/aikido-saintbruno-bordeaux.fr\/index.php\/wp-json\/wp\/v2\/media?parent=1578"}],"curies":[{"name":"wp","href":"https:\/\/api.w.org\/{rel}","templated":true}]}}