{"id":91,"date":"2023-10-30T16:19:33","date_gmt":"2023-10-30T15:19:33","guid":{"rendered":"https:\/\/aikido-saintbruno-bordeaux.fr\/?page_id=91"},"modified":"2025-08-30T16:14:51","modified_gmt":"2025-08-30T14:14:51","slug":"profil-ludovic-cauderan-aikido-art-martial","status":"publish","type":"page","link":"https:\/\/aikido-saintbruno-bordeaux.fr\/index.php\/profil-ludovic-cauderan-aikido-art-martial\/","title":{"rendered":"Profil"},"content":{"rendered":"\t\t<div data-elementor-type=\"wp-page\" data-elementor-id=\"91\" class=\"elementor elementor-91\">\n\t\t\t\t\t\t\t<div class=\"elementor-element elementor-element-576f113 e-con-full e-flex e-con e-parent\" data-id=\"576f113\" data-element_type=\"container\" data-settings=\"{&quot;content_width&quot;:&quot;full&quot;}\" data-core-v316-plus=\"true\">\n\t\t\t\t<div class=\"elementor-element elementor-element-4d03359 elementor-widget-mobile__width-initial elementor-widget-tablet__width-initial elementor-widget elementor-widget-heading\" data-id=\"4d03359\" data-element_type=\"widget\" data-widget_type=\"heading.default\">\n\t\t\t\t<div class=\"elementor-widget-container\">\n\t\t\t<style>\/*! elementor - v3.17.0 - 25-10-2023 *\/\n.elementor-heading-title{padding:0;margin:0;line-height:1}.elementor-widget-heading .elementor-heading-title[class*=elementor-size-]>a{color:inherit;font-size:inherit;line-height:inherit}.elementor-widget-heading .elementor-heading-title.elementor-size-small{font-size:15px}.elementor-widget-heading .elementor-heading-title.elementor-size-medium{font-size:19px}.elementor-widget-heading .elementor-heading-title.elementor-size-large{font-size:29px}.elementor-widget-heading .elementor-heading-title.elementor-size-xl{font-size:39px}.elementor-widget-heading .elementor-heading-title.elementor-size-xxl{font-size:59px}<\/style><h2 class=\"elementor-heading-title elementor-size-large\">Ludovic Caud\u00e9ran 6\u00e8me Dan A\u00efkika\u00ef<\/h2>\t\t<\/div>\n\t\t\t\t<\/div>\n\t\t\t\t<div class=\"elementor-element elementor-element-fcf82ef elementor-widget elementor-widget-image\" data-id=\"fcf82ef\" data-element_type=\"widget\" data-widget_type=\"image.default\">\n\t\t\t\t<div class=\"elementor-widget-container\">\n\t\t\t<style>\/*! elementor - v3.17.0 - 25-10-2023 *\/\n.elementor-widget-image{text-align:center}.elementor-widget-image a{display:inline-block}.elementor-widget-image a img[src$=\".svg\"]{width:48px}.elementor-widget-image img{vertical-align:middle;display:inline-block}<\/style>\t\t\t\t\t\t\t\t\t\t\t\t<img fetchpriority=\"high\" decoding=\"async\" width=\"794\" height=\"1024\" src=\"https:\/\/aikido-saintbruno-bordeaux.fr\/wp-content\/uploads\/2023\/11\/Ludovic-Cauderan1-1-794x1024.jpg\" class=\"attachment-large size-large wp-image-570\" alt=\"Ludovic Cauderan A\u00efkido Bordeaux Union Saint Bruno\" srcset=\"https:\/\/aikido-saintbruno-bordeaux.fr\/wp-content\/uploads\/2023\/11\/Ludovic-Cauderan1-1-794x1024.jpg 794w, https:\/\/aikido-saintbruno-bordeaux.fr\/wp-content\/uploads\/2023\/11\/Ludovic-Cauderan1-1-233x300.jpg 233w, https:\/\/aikido-saintbruno-bordeaux.fr\/wp-content\/uploads\/2023\/11\/Ludovic-Cauderan1-1-768x990.jpg 768w, https:\/\/aikido-saintbruno-bordeaux.fr\/wp-content\/uploads\/2023\/11\/Ludovic-Cauderan1-1.jpg 924w\" sizes=\"(max-width: 794px) 100vw, 794px\" \/>\t\t\t\t\t\t\t\t\t\t\t\t\t\t\t<\/div>\n\t\t\t\t<\/div>\n\t\t\t\t<div class=\"elementor-element elementor-element-cfc9d9e elementor-widget__width-initial e-transform elementor-widget-mobile__width-initial elementor-widget elementor-widget-text-editor\" data-id=\"cfc9d9e\" data-element_type=\"widget\" data-settings=\"{&quot;_transform_translateX_effect_mobile&quot;:{&quot;unit&quot;:&quot;px&quot;,&quot;size&quot;:-7,&quot;sizes&quot;:[]},&quot;_transform_translateX_effect&quot;:{&quot;unit&quot;:&quot;px&quot;,&quot;size&quot;:&quot;&quot;,&quot;sizes&quot;:[]},&quot;_transform_translateX_effect_tablet&quot;:{&quot;unit&quot;:&quot;px&quot;,&quot;size&quot;:&quot;&quot;,&quot;sizes&quot;:[]},&quot;_transform_translateY_effect&quot;:{&quot;unit&quot;:&quot;px&quot;,&quot;size&quot;:&quot;&quot;,&quot;sizes&quot;:[]},&quot;_transform_translateY_effect_tablet&quot;:{&quot;unit&quot;:&quot;px&quot;,&quot;size&quot;:&quot;&quot;,&quot;sizes&quot;:[]},&quot;_transform_translateY_effect_mobile&quot;:{&quot;unit&quot;:&quot;px&quot;,&quot;size&quot;:&quot;&quot;,&quot;sizes&quot;:[]}}\" data-widget_type=\"text-editor.default\">\n\t\t\t\t<div class=\"elementor-widget-container\">\n\t\t\t<style>\/*! elementor - v3.17.0 - 25-10-2023 *\/\n.elementor-widget-text-editor.elementor-drop-cap-view-stacked .elementor-drop-cap{background-color:#69727d;color:#fff}.elementor-widget-text-editor.elementor-drop-cap-view-framed .elementor-drop-cap{color:#69727d;border:3px solid;background-color:transparent}.elementor-widget-text-editor:not(.elementor-drop-cap-view-default) .elementor-drop-cap{margin-top:8px}.elementor-widget-text-editor:not(.elementor-drop-cap-view-default) .elementor-drop-cap-letter{width:1em;height:1em}.elementor-widget-text-editor .elementor-drop-cap{float:left;text-align:center;line-height:1;font-size:50px}.elementor-widget-text-editor .elementor-drop-cap-letter{display:inline-block}<\/style>\t\t\t\t<p class=\"text-justify\">Enseignant titulaire du dipl\u00f4me d&#8217;\u00c9tat de la Jeunesse de l&#8217;\u00e9ducation Populaire et des Sport (DEJEPS),\u00a0perfectionnement sportif. Brevet d&#8217;Etat 1er degr\u00e9.<\/p><p class=\"text-justify\">Membre de la FFAAA F\u00e9d\u00e9ration Fran\u00e7aise d&#8217;A\u00efkido A\u00efkibudo et Affinitaires. 6e dan A\u00efkika\u00ef.<\/p><p class=\"text-justify\">Membre du Coll\u00e8ge Technique\u00a0R\u00e9gional Nouvelle Aquitaine FFAAA.<\/p><p class=\"text-justify\"><strong>Ludovic CAUDERAN\u00a0<\/strong>\u00a0d\u00e9bute l&#8217;A\u00efkido en 1993. Il fait une premi\u00e8re exp\u00e9rience au Japon pendant 2 mois en 2000 et y \u00e9tudie le japonais \u00e0 Kyoto.\u00a0Puis en 2002\/2003 il reste au Japon un an, pour pratiquer l&#8217;A\u00efkido \u00e0 l&#8217;A\u00efkika\u00ef\u00a0de Tokyo.\u00a0Il s&#8217;y installe finalement en 2005 et y restera 15 ans pour approfondir l&#8217;\u00e9tude de l&#8217;A\u00efkido.\u00a0<\/p><p class=\"text-justify\">Pendant ces 15 ann\u00e9es, il a pratiqu\u00e9 quotidiennement \u00e0 l&#8217;A\u00efkika\u00ef, centre mondial de l&#8217;A\u00efkido, o\u00f9 il a pu c\u00f4toyer de grands experts de la discipline. Il a \u00e9tudi\u00e9 \u00e9troitement aupr\u00e8s de Ma\u00eetre Yasuno Sensei 8e Dan, en le suivant dans ses diff\u00e9rents dojos et stages nationaux et internationaux. Il est de\u00a0retour en France, \u00e0 Bordeaux, depuis septembre 2019.<\/p>\t\t\t\t\t\t<\/div>\n\t\t\t\t<\/div>\n\t\t\t\t<div class=\"elementor-element elementor-element-661d7f9 elementor-widget elementor-widget-spacer\" data-id=\"661d7f9\" data-element_type=\"widget\" data-widget_type=\"spacer.default\">\n\t\t\t\t<div class=\"elementor-widget-container\">\n\t\t\t<style>\/*! elementor - v3.17.0 - 25-10-2023 *\/\n.elementor-column .elementor-spacer-inner{height:var(--spacer-size)}.e-con{--container-widget-width:100%}.e-con-inner>.elementor-widget-spacer,.e-con>.elementor-widget-spacer{width:var(--container-widget-width,var(--spacer-size));--align-self:var(--container-widget-align-self,initial);--flex-shrink:0}.e-con-inner>.elementor-widget-spacer>.elementor-widget-container,.e-con>.elementor-widget-spacer>.elementor-widget-container{height:100%;width:100%}.e-con-inner>.elementor-widget-spacer>.elementor-widget-container>.elementor-spacer,.e-con>.elementor-widget-spacer>.elementor-widget-container>.elementor-spacer{height:100%}.e-con-inner>.elementor-widget-spacer>.elementor-widget-container>.elementor-spacer>.elementor-spacer-inner,.e-con>.elementor-widget-spacer>.elementor-widget-container>.elementor-spacer>.elementor-spacer-inner{height:var(--container-widget-height,var(--spacer-size))}.e-con-inner>.elementor-widget-spacer.elementor-widget-empty,.e-con>.elementor-widget-spacer.elementor-widget-empty{position:relative;min-height:22px;min-width:22px}.e-con-inner>.elementor-widget-spacer.elementor-widget-empty .elementor-widget-empty-icon,.e-con>.elementor-widget-spacer.elementor-widget-empty .elementor-widget-empty-icon{position:absolute;top:0;bottom:0;left:0;right:0;margin:auto;padding:0;width:22px;height:22px}<\/style>\t\t<div class=\"elementor-spacer\">\n\t\t\t<div class=\"elementor-spacer-inner\"><\/div>\n\t\t<\/div>\n\t\t\t\t<\/div>\n\t\t\t\t<\/div>\n\t\t\t\t<\/div>\n\t\t<div class=\"elementor-element elementor-element-0a1aa83 e-con-full e-flex e-con e-parent\" data-id=\"0a1aa83\" data-element_type=\"container\" data-settings=\"{&quot;content_width&quot;:&quot;full&quot;}\" data-core-v316-plus=\"true\">\n\t\t<div class=\"elementor-element elementor-element-56b568f e-con-full e-flex e-con e-child\" data-id=\"56b568f\" data-element_type=\"container\" data-settings=\"{&quot;background_background&quot;:&quot;slideshow&quot;,&quot;content_width&quot;:&quot;full&quot;,&quot;background_slideshow_gallery&quot;:[{&quot;id&quot;:248,&quot;url&quot;:&quot;http:\\\/\\\/aikido-saintbruno-bordeaux.fr\\\/wp-content\\\/uploads\\\/2023\\\/11\\\/Aikido-Bordeaux-Union-Saint-Bruno-Aikido-Ludovic-Cauderan4-1.jpg&quot;},{&quot;id&quot;:247,&quot;url&quot;:&quot;http:\\\/\\\/aikido-saintbruno-bordeaux.fr\\\/wp-content\\\/uploads\\\/2023\\\/11\\\/Aikido-Bordeaux-Union-Saint-Bruno-Aikido-Ludovic-Cauderan3-1.jpeg&quot;},{&quot;id&quot;:249,&quot;url&quot;:&quot;http:\\\/\\\/aikido-saintbruno-bordeaux.fr\\\/wp-content\\\/uploads\\\/2023\\\/11\\\/Aikido-Bordeaux-Union-Saint-Bruno-Aikido-Ludovic-Cauderan5-1.jpeg&quot;},{&quot;id&quot;:251,&quot;url&quot;:&quot;http:\\\/\\\/aikido-saintbruno-bordeaux.fr\\\/wp-content\\\/uploads\\\/2023\\\/11\\\/Aikido-Bordeaux-Union-Saint-Bruno-Aikido-Ludovic-Cauderan23.jpeg&quot;}],&quot;background_slideshow_loop&quot;:&quot;yes&quot;,&quot;background_slideshow_slide_duration&quot;:5000,&quot;background_slideshow_slide_transition&quot;:&quot;fade&quot;,&quot;background_slideshow_transition_duration&quot;:500}\">\n\t\t\t\t<\/div>\n\t\t\t\t<\/div>\n\t\t<div class=\"elementor-element elementor-element-f92e1b3 e-flex e-con-boxed e-con e-parent\" data-id=\"f92e1b3\" data-element_type=\"container\" data-settings=\"{&quot;content_width&quot;:&quot;boxed&quot;}\" data-core-v316-plus=\"true\">\n\t\t\t\t\t<div class=\"e-con-inner\">\n\t\t\t\t<div class=\"elementor-element elementor-element-8ff5bb9 elementor-widget elementor-widget-heading\" data-id=\"8ff5bb9\" data-element_type=\"widget\" data-widget_type=\"heading.default\">\n\t\t\t\t<div class=\"elementor-widget-container\">\n\t\t\t<h2 class=\"elementor-heading-title elementor-size-default\">Ludovic Caud\u00e9ran <\/h2>\t\t<\/div>\n\t\t\t\t<\/div>\n\t\t\t\t<div class=\"elementor-element elementor-element-3ccb326 elementor-widget elementor-widget-text-editor\" data-id=\"3ccb326\" data-element_type=\"widget\" data-widget_type=\"text-editor.default\">\n\t\t\t\t<div class=\"elementor-widget-container\">\n\t\t\t\t\t\t\t<p style=\"text-align: center;\"><span style=\"color: #333333;\">Site web<\/span><\/p><p style=\"text-align: center;\"><a href=\"https:\/\/www.aikidoludoviccauderan.com\">cliquez ici : Lien vers le site<\/a><\/p><p style=\"text-align: center;\"><span style=\"color: #333333;\">\u00a0aikidoludoviccauderan.com<\/span><\/p><p>Il enseigne \u00e9galement dans l&#8217;Association Matsukaze Bordeaux :<\/p><p>A\u00efkido, Calligraphie, Japonais, C\u00e9r\u00e9monie du th\u00e9\u00a0<\/p><p>Lien ci-dessous :<\/p>\t\t\t\t\t\t<\/div>\n\t\t\t\t<\/div>\n\t\t\t\t<div class=\"elementor-element elementor-element-30b8b27 elementor-widget elementor-widget-image\" data-id=\"30b8b27\" data-element_type=\"widget\" data-widget_type=\"image.default\">\n\t\t\t\t<div class=\"elementor-widget-container\">\n\t\t\t\t\t\t\t\t\t\t\t\t\t\t\t\t<a href=\"https:\/\/www.aikido-matsukaze.com\/\" target=\"_blank\">\n\t\t\t\t\t\t\t<img decoding=\"async\" width=\"1024\" height=\"915\" src=\"https:\/\/aikido-saintbruno-bordeaux.fr\/wp-content\/uploads\/2023\/11\/Logo-Association-Matsukaze-Bordeaux-1024x915.png\" class=\"attachment-large size-large wp-image-685\" alt=\"Association Matsukaze Bordeaux\" srcset=\"https:\/\/aikido-saintbruno-bordeaux.fr\/wp-content\/uploads\/2023\/11\/Logo-Association-Matsukaze-Bordeaux-1024x915.png 1024w, https:\/\/aikido-saintbruno-bordeaux.fr\/wp-content\/uploads\/2023\/11\/Logo-Association-Matsukaze-Bordeaux-300x268.png 300w, https:\/\/aikido-saintbruno-bordeaux.fr\/wp-content\/uploads\/2023\/11\/Logo-Association-Matsukaze-Bordeaux-768x686.png 768w, https:\/\/aikido-saintbruno-bordeaux.fr\/wp-content\/uploads\/2023\/11\/Logo-Association-Matsukaze-Bordeaux-1536x1372.png 1536w, https:\/\/aikido-saintbruno-bordeaux.fr\/wp-content\/uploads\/2023\/11\/Logo-Association-Matsukaze-Bordeaux.png 1615w\" sizes=\"(max-width: 1024px) 100vw, 1024px\" \/>\t\t\t\t\t\t\t\t<\/a>\n\t\t\t\t\t\t\t\t\t\t\t\t\t\t\t<\/div>\n\t\t\t\t<\/div>\n\t\t\t\t\t<\/div>\n\t\t\t\t<\/div>\n\t\t\t\t\t\t\t<\/div>\n\t\t","protected":false},"excerpt":{"rendered":"<p>Ludovic Caud\u00e9ran 6\u00e8me Dan A\u00efkika\u00ef Enseignant titulaire du dipl\u00f4me d&#8217;\u00c9tat de la Jeunesse de l&#8217;\u00e9ducation Populaire et des Sport (DEJEPS),\u00a0perfectionnement sportif. Brevet d&#8217;Etat 1er degr\u00e9. Membre de la FFAAA F\u00e9d\u00e9ration Fran\u00e7aise d&#8217;A\u00efkido A\u00efkibudo et Affinitaires. 6e dan A\u00efkika\u00ef. Membre du Coll\u00e8ge Technique\u00a0R\u00e9gional Nouvelle Aquitaine FFAAA. Ludovic CAUDERAN\u00a0\u00a0d\u00e9bute l&#8217;A\u00efkido en 1993. Il fait une premi\u00e8re exp\u00e9rience [&hellip;]<\/p>\n","protected":false},"author":1,"featured_media":0,"parent":0,"menu_order":0,"comment_status":"closed","ping_status":"closed","template":"","meta":{"footnotes":""},"class_list":["post-91","page","type-page","status-publish","hentry","entry"],"yoast_head":"<!-- This site is optimized with the Yoast SEO plugin v21.4 - https:\/\/yoast.com\/wordpress\/plugins\/seo\/ -->\n<title>Profil - Union Saint Bruno A\u00efkido<\/title>\n<meta name=\"description\" content=\"Club d&#039;A\u00efkido de l&#039;Union Saint Bruno Bordeaux, deux dojos \u00e0 Bordeaux centre, dirig\u00e9 par Ludovic Caud\u00e9ran 5\u00e8me Dan A\u00efkika\u00ef de Tokyo Japon, art martial japonais\" \/>\n<meta name=\"robots\" content=\"index, follow, max-snippet:-1, max-image-preview:large, max-video-preview:-1\" \/>\n<link rel=\"canonical\" href=\"https:\/\/aikido-saintbruno-bordeaux.fr\/index.php\/profil-ludovic-cauderan-aikido-art-martial\/\" \/>\n<meta property=\"og:locale\" content=\"en_US\" \/>\n<meta property=\"og:type\" content=\"article\" \/>\n<meta property=\"og:title\" content=\"Dojo A\u00efkido Bordeaux Ludovic Caud\u00e9ran\" \/>\n<meta property=\"og:description\" content=\"Club d&#039;A\u00efkido de l&#039;Union Saint Bruno \u00e0 Bordeaux, deux dojos \u00e0 Bordeaux centre\" \/>\n<meta property=\"og:url\" content=\"https:\/\/aikido-saintbruno-bordeaux.fr\/index.php\/profil-ludovic-cauderan-aikido-art-martial\/\" \/>\n<meta property=\"og:site_name\" content=\"Union Saint Bruno A\u00efkido\" \/>\n<meta property=\"article:publisher\" content=\"https:\/\/www.facebook.com\/profile.php?id=61552026773430\" \/>\n<meta property=\"article:modified_time\" content=\"2025-08-30T14:14:51+00:00\" \/>\n<meta property=\"og:image\" content=\"http:\/\/aikido-saintbruno-bordeaux.fr\/wp-content\/uploads\/2023\/11\/Ludovic-Cauderan1-1.jpg\" \/>\n\t<meta property=\"og:image:width\" content=\"924\" \/>\n\t<meta property=\"og:image:height\" content=\"1191\" \/>\n\t<meta property=\"og:image:type\" content=\"image\/jpeg\" \/>\n<meta name=\"twitter:card\" content=\"summary_large_image\" \/>\n<meta name=\"twitter:label1\" content=\"Est. reading time\" \/>\n\t<meta name=\"twitter:data1\" content=\"2 minutes\" \/>\n<script type=\"application\/ld+json\" class=\"yoast-schema-graph\">{\"@context\":\"https:\/\/schema.org\",\"@graph\":[{\"@type\":\"WebPage\",\"@id\":\"https:\/\/aikido-saintbruno-bordeaux.fr\/index.php\/profil-ludovic-cauderan-aikido-art-martial\/\",\"url\":\"https:\/\/aikido-saintbruno-bordeaux.fr\/index.php\/profil-ludovic-cauderan-aikido-art-martial\/\",\"name\":\"Profil - Union Saint Bruno A\u00efkido\",\"isPartOf\":{\"@id\":\"https:\/\/aikido-saintbruno-bordeaux.fr\/#website\"},\"datePublished\":\"2023-10-30T15:19:33+00:00\",\"dateModified\":\"2025-08-30T14:14:51+00:00\",\"description\":\"Club d'A\u00efkido de l'Union Saint Bruno Bordeaux, deux dojos \u00e0 Bordeaux centre, dirig\u00e9 par Ludovic Caud\u00e9ran 5\u00e8me Dan A\u00efkika\u00ef de Tokyo Japon, art martial japonais\",\"breadcrumb\":{\"@id\":\"https:\/\/aikido-saintbruno-bordeaux.fr\/index.php\/profil-ludovic-cauderan-aikido-art-martial\/#breadcrumb\"},\"inLanguage\":\"en-US\",\"potentialAction\":[{\"@type\":\"ReadAction\",\"target\":[\"https:\/\/aikido-saintbruno-bordeaux.fr\/index.php\/profil-ludovic-cauderan-aikido-art-martial\/\"]}]},{\"@type\":\"BreadcrumbList\",\"@id\":\"https:\/\/aikido-saintbruno-bordeaux.fr\/index.php\/profil-ludovic-cauderan-aikido-art-martial\/#breadcrumb\",\"itemListElement\":[{\"@type\":\"ListItem\",\"position\":1,\"name\":\"Accueil\",\"item\":\"https:\/\/aikido-saintbruno-bordeaux.fr\/\"},{\"@type\":\"ListItem\",\"position\":2,\"name\":\"Profil\"}]},{\"@type\":\"WebSite\",\"@id\":\"https:\/\/aikido-saintbruno-bordeaux.fr\/#website\",\"url\":\"https:\/\/aikido-saintbruno-bordeaux.fr\/\",\"name\":\"Union Saint Bruno A\u00efkido Bordeaux\",\"description\":\"Club d A\u00efkido \u00e0 Bordeaux\",\"publisher\":{\"@id\":\"https:\/\/aikido-saintbruno-bordeaux.fr\/#organization\"},\"potentialAction\":[{\"@type\":\"SearchAction\",\"target\":{\"@type\":\"EntryPoint\",\"urlTemplate\":\"https:\/\/aikido-saintbruno-bordeaux.fr\/?s={search_term_string}\"},\"query-input\":\"required name=search_term_string\"}],\"inLanguage\":\"en-US\"},{\"@type\":\"Organization\",\"@id\":\"https:\/\/aikido-saintbruno-bordeaux.fr\/#organization\",\"name\":\"Union Saint Bruno A\u00efkido Bordeaux\",\"url\":\"https:\/\/aikido-saintbruno-bordeaux.fr\/\",\"logo\":{\"@type\":\"ImageObject\",\"inLanguage\":\"en-US\",\"@id\":\"https:\/\/aikido-saintbruno-bordeaux.fr\/#\/schema\/logo\/image\/\",\"url\":\"https:\/\/aikido-saintbruno-bordeaux.fr\/wp-content\/uploads\/2023\/10\/logo.png\",\"contentUrl\":\"https:\/\/aikido-saintbruno-bordeaux.fr\/wp-content\/uploads\/2023\/10\/logo.png\",\"width\":300,\"height\":320,\"caption\":\"Union Saint Bruno A\u00efkido Bordeaux\"},\"image\":{\"@id\":\"https:\/\/aikido-saintbruno-bordeaux.fr\/#\/schema\/logo\/image\/\"},\"sameAs\":[\"https:\/\/www.facebook.com\/profile.php?id=61552026773430\",\"https:\/\/www.youtube.com\/@UnionSaintBrunoAikido-pm8hw\"]}]}<\/script>\n<!-- \/ Yoast SEO plugin. -->","yoast_head_json":{"title":"Profil - Union Saint Bruno A\u00efkido","description":"Club d'A\u00efkido de l'Union Saint Bruno Bordeaux, deux dojos \u00e0 Bordeaux centre, dirig\u00e9 par Ludovic Caud\u00e9ran 5\u00e8me Dan A\u00efkika\u00ef de Tokyo Japon, art martial japonais","robots":{"index":"index","follow":"follow","max-snippet":"max-snippet:-1","max-image-preview":"max-image-preview:large","max-video-preview":"max-video-preview:-1"},"canonical":"https:\/\/aikido-saintbruno-bordeaux.fr\/index.php\/profil-ludovic-cauderan-aikido-art-martial\/","og_locale":"en_US","og_type":"article","og_title":"Dojo A\u00efkido Bordeaux Ludovic Caud\u00e9ran","og_description":"Club d'A\u00efkido de l'Union Saint Bruno \u00e0 Bordeaux, deux dojos \u00e0 Bordeaux centre","og_url":"https:\/\/aikido-saintbruno-bordeaux.fr\/index.php\/profil-ludovic-cauderan-aikido-art-martial\/","og_site_name":"Union Saint Bruno A\u00efkido","article_publisher":"https:\/\/www.facebook.com\/profile.php?id=61552026773430","article_modified_time":"2025-08-30T14:14:51+00:00","og_image":[{"width":924,"height":1191,"url":"http:\/\/aikido-saintbruno-bordeaux.fr\/wp-content\/uploads\/2023\/11\/Ludovic-Cauderan1-1.jpg","type":"image\/jpeg"}],"twitter_card":"summary_large_image","twitter_misc":{"Est. reading time":"2 minutes"},"schema":{"@context":"https:\/\/schema.org","@graph":[{"@type":"WebPage","@id":"https:\/\/aikido-saintbruno-bordeaux.fr\/index.php\/profil-ludovic-cauderan-aikido-art-martial\/","url":"https:\/\/aikido-saintbruno-bordeaux.fr\/index.php\/profil-ludovic-cauderan-aikido-art-martial\/","name":"Profil - Union Saint Bruno A\u00efkido","isPartOf":{"@id":"https:\/\/aikido-saintbruno-bordeaux.fr\/#website"},"datePublished":"2023-10-30T15:19:33+00:00","dateModified":"2025-08-30T14:14:51+00:00","description":"Club d'A\u00efkido de l'Union Saint Bruno Bordeaux, deux dojos \u00e0 Bordeaux centre, dirig\u00e9 par Ludovic Caud\u00e9ran 5\u00e8me Dan A\u00efkika\u00ef de Tokyo Japon, art martial japonais","breadcrumb":{"@id":"https:\/\/aikido-saintbruno-bordeaux.fr\/index.php\/profil-ludovic-cauderan-aikido-art-martial\/#breadcrumb"},"inLanguage":"en-US","potentialAction":[{"@type":"ReadAction","target":["https:\/\/aikido-saintbruno-bordeaux.fr\/index.php\/profil-ludovic-cauderan-aikido-art-martial\/"]}]},{"@type":"BreadcrumbList","@id":"https:\/\/aikido-saintbruno-bordeaux.fr\/index.php\/profil-ludovic-cauderan-aikido-art-martial\/#breadcrumb","itemListElement":[{"@type":"ListItem","position":1,"name":"Accueil","item":"https:\/\/aikido-saintbruno-bordeaux.fr\/"},{"@type":"ListItem","position":2,"name":"Profil"}]},{"@type":"WebSite","@id":"https:\/\/aikido-saintbruno-bordeaux.fr\/#website","url":"https:\/\/aikido-saintbruno-bordeaux.fr\/","name":"Union Saint Bruno A\u00efkido Bordeaux","description":"Club d A\u00efkido \u00e0 Bordeaux","publisher":{"@id":"https:\/\/aikido-saintbruno-bordeaux.fr\/#organization"},"potentialAction":[{"@type":"SearchAction","target":{"@type":"EntryPoint","urlTemplate":"https:\/\/aikido-saintbruno-bordeaux.fr\/?s={search_term_string}"},"query-input":"required name=search_term_string"}],"inLanguage":"en-US"},{"@type":"Organization","@id":"https:\/\/aikido-saintbruno-bordeaux.fr\/#organization","name":"Union Saint Bruno A\u00efkido Bordeaux","url":"https:\/\/aikido-saintbruno-bordeaux.fr\/","logo":{"@type":"ImageObject","inLanguage":"en-US","@id":"https:\/\/aikido-saintbruno-bordeaux.fr\/#\/schema\/logo\/image\/","url":"https:\/\/aikido-saintbruno-bordeaux.fr\/wp-content\/uploads\/2023\/10\/logo.png","contentUrl":"https:\/\/aikido-saintbruno-bordeaux.fr\/wp-content\/uploads\/2023\/10\/logo.png","width":300,"height":320,"caption":"Union Saint Bruno A\u00efkido Bordeaux"},"image":{"@id":"https:\/\/aikido-saintbruno-bordeaux.fr\/#\/schema\/logo\/image\/"},"sameAs":["https:\/\/www.facebook.com\/profile.php?id=61552026773430","https:\/\/www.youtube.com\/@UnionSaintBrunoAikido-pm8hw"]}]}},"_links":{"self":[{"href":"https:\/\/aikido-saintbruno-bordeaux.fr\/index.php\/wp-json\/wp\/v2\/pages\/91","targetHints":{"allow":["GET"]}}],"collection":[{"href":"https:\/\/aikido-saintbruno-bordeaux.fr\/index.php\/wp-json\/wp\/v2\/pages"}],"about":[{"href":"https:\/\/aikido-saintbruno-bordeaux.fr\/index.php\/wp-json\/wp\/v2\/types\/page"}],"author":[{"embeddable":true,"href":"https:\/\/aikido-saintbruno-bordeaux.fr\/index.php\/wp-json\/wp\/v2\/users\/1"}],"replies":[{"embeddable":true,"href":"https:\/\/aikido-saintbruno-bordeaux.fr\/index.php\/wp-json\/wp\/v2\/comments?post=91"}],"version-history":[{"count":91,"href":"https:\/\/aikido-saintbruno-bordeaux.fr\/index.php\/wp-json\/wp\/v2\/pages\/91\/revisions"}],"predecessor-version":[{"id":2686,"href":"https:\/\/aikido-saintbruno-bordeaux.fr\/index.php\/wp-json\/wp\/v2\/pages\/91\/revisions\/2686"}],"wp:attachment":[{"href":"https:\/\/aikido-saintbruno-bordeaux.fr\/index.php\/wp-json\/wp\/v2\/media?parent=91"}],"curies":[{"name":"wp","href":"https:\/\/api.w.org\/{rel}","templated":true}]}}